{"id":23116,"date":"2021-11-26T09:41:15","date_gmt":"2021-11-26T09:41:15","guid":{"rendered":"https:\/\/www.skeidgi.com\/faqs\/"},"modified":"2025-02-06T18:48:52","modified_gmt":"2025-02-06T18:48:52","slug":"faqs","status":"publish","type":"page","link":"https:\/\/www.skeidgi.com\/en\/faqs\/","title":{"rendered":"FAQs"},"content":{"rendered":"\t\t<div data-elementor-type=\"wp-page\" data-elementor-id=\"23116\" class=\"elementor elementor-23116 elementor-331\" data-elementor-post-type=\"page\">\n\t\t\t\t\t\t<section class=\"elementor-section elementor-top-section elementor-element elementor-element-7b9e874 elementor-section-boxed elementor-section-gap-beside-yes elementor-section-height-default elementor-section-height-default elementor-section-content-align-center elementor-section-column-vertical-align-stretch\" data-id=\"7b9e874\" data-element_type=\"section\" data-e-type=\"section\" data-settings=\"{&quot;ekit_has_onepagescroll_dot&quot;:&quot;yes&quot;}\">\n\t\t\t\t\t\t<div class=\"elementor-container elementor-column-gap-extended\">\n\t\t\t\t\t<div class=\"elementor-column elementor-col-100 elementor-top-column elementor-element elementor-element-59165b0\" data-id=\"59165b0\" data-element_type=\"column\" data-e-type=\"column\">\n\t\t\t<div class=\"elementor-widget-wrap elementor-element-populated\">\n\t\t\t\t\t\t<div class=\"elementor-element elementor-element-439c06c elementor-widget elementor-widget-spacer\" data-id=\"439c06c\" data-element_type=\"widget\" data-e-type=\"widget\" data-settings=\"{&quot;ekit_we_effect_on&quot;:&quot;none&quot;}\" data-widget_type=\"spacer.default\">\n\t\t\t\t<div class=\"elementor-widget-container\">\n\t\t\t\t\t\t\t<div class=\"elementor-spacer\">\n\t\t\t<div class=\"elementor-spacer-inner\"><\/div>\n\t\t<\/div>\n\t\t\t\t\t\t<\/div>\n\t\t\t\t<\/div>\n\t\t\t\t<div class=\"elementor-element elementor-element-0480845 elementor-widget elementor-widget-tm-heading\" data-id=\"0480845\" data-element_type=\"widget\" data-e-type=\"widget\" data-settings=\"{&quot;ekit_we_effect_on&quot;:&quot;none&quot;}\" data-widget_type=\"tm-heading.default\">\n\t\t\t\t<div class=\"elementor-widget-container\">\n\t\t\t\t\t\t\t<div class=\"tm-modern-heading tm-modern-heading--style-03 tm-modern-heading--highlight-style-01\">\n\t\t\t\n\t\t\t\t\t<div class=\"heading-primary-wrap\">\n\t\t\t<h2 class=\"heading-primary elementor-heading-title\">FAQ - Frequently Asked Questions\n<\/h2>\t\t<\/div>\n\t\t\n\t\t\t\n\t\t\t\t\t<div class=\"heading-description-wrap\">\n\t\t\t<div class=\"heading-description\">\n\t\t\t\tWelcome to <strong>S.Ke\u00efdgi<\/strong>'s FAQ section. Here you'll find answers to the most frequently asked questions about our products, ordering, shipping and much more.\t\t\t<\/div>\n\t\t<\/div>\n\t\t\t\t<\/div>\n\t\t\t\t\t\t<\/div>\n\t\t\t\t<\/div>\n\t\t\t\t<div class=\"elementor-element elementor-element-9403f5a minimog-accordion-style-01 elementor-widget elementor-widget-tm-accordion\" data-id=\"9403f5a\" data-element_type=\"widget\" data-e-type=\"widget\" data-settings=\"{&quot;active_first_item&quot;:&quot;1&quot;,&quot;ekit_we_effect_on&quot;:&quot;none&quot;}\" data-widget_type=\"tm-accordion.default\">\n\t\t\t\t<div class=\"elementor-widget-container\">\n\t\t\t\t\t\t\t<div class=\"minimog-accordion minimog-accordion-icon-right\">\n\t\t\t\t\t\t\t<div class=\"accordion-section active\">\n\t\t\t\t\t<div class=\"accordion-header\">\n\t\t\t\t\t\t<div class=\"accordion-title-wrapper\">\n\t\t\t\t\t\t\t<h6 class=\"accordion-title\">Comment passer une commande ?<\/h6>\t\t\t\t\t\t<\/div>\n\t\t\t\t\t\t\t\t\t\t\t\t\t<div class=\"accordion-icons\">\n\t\t\t\t\t\t\t\t<span\n\t\t\t\t\t\t\t\t\tclass=\"accordion-icon opened-icon\"><i class=\"far fa-angle-down\"><\/i><\/span>\n\t\t\t\t\t\t\t\t<span\n\t\t\t\t\t\t\t\t\tclass=\"accordion-icon closed-icon\"><i class=\"far fa-angle-up\"><\/i><\/span>\n\t\t\t\t\t\t\t<\/div>\n\t\t\t\t\t\t\t\t\t\t\t<\/div>\n\t\t\t\t\t<div class=\"accordion-content\">\n\t\t\t\t\t\t<p>Rendez-vous sur notre boutique en ligne, s\u00e9lectionnez vos articles pr\u00e9f\u00e9r\u00e9s, choisissez la taille et ajoutez-les au panier. Une fois votre s\u00e9lection termin\u00e9e, cliquez sur &#8220;Passer \u00e0 la caisse&#8221; et suivez les \u00e9tapes pour finaliser votre achat.<\/p>\t\t\t\t\t<\/div>\n\t\t\t\t<\/div>\n\t\t\t\t\t\t\t<div class=\"accordion-section\">\n\t\t\t\t\t<div class=\"accordion-header\">\n\t\t\t\t\t\t<div class=\"accordion-title-wrapper\">\n\t\t\t\t\t\t\t<h6 class=\"accordion-title\">Puis-je modifier ou annuler ma commande ?<\/h6>\t\t\t\t\t\t<\/div>\n\t\t\t\t\t\t\t\t\t\t\t\t\t<div class=\"accordion-icons\">\n\t\t\t\t\t\t\t\t<span\n\t\t\t\t\t\t\t\t\tclass=\"accordion-icon opened-icon\"><i class=\"far fa-angle-down\"><\/i><\/span>\n\t\t\t\t\t\t\t\t<span\n\t\t\t\t\t\t\t\t\tclass=\"accordion-icon closed-icon\"><i class=\"far fa-angle-up\"><\/i><\/span>\n\t\t\t\t\t\t\t<\/div>\n\t\t\t\t\t\t\t\t\t\t\t<\/div>\n\t\t\t\t\t<div class=\"accordion-content\">\n\t\t\t\t\t\t<p>Vous pouvez modifier ou annuler votre commande dans les <strong>24 heures<\/strong> suivant sa validation. Contactez-nous rapidement \u00e0 <strong><a rel=\"noopener\">contact@s-keidgi.com<\/a><\/strong> pour effectuer les changements.<\/p>\t\t\t\t\t<\/div>\n\t\t\t\t<\/div>\n\t\t\t\t\t\t\t<div class=\"accordion-section\">\n\t\t\t\t\t<div class=\"accordion-header\">\n\t\t\t\t\t\t<div class=\"accordion-title-wrapper\">\n\t\t\t\t\t\t\t<h6 class=\"accordion-title\">Quels sont les moyens de paiement accept\u00e9s ?<\/h6>\t\t\t\t\t\t<\/div>\n\t\t\t\t\t\t\t\t\t\t\t\t\t<div class=\"accordion-icons\">\n\t\t\t\t\t\t\t\t<span\n\t\t\t\t\t\t\t\t\tclass=\"accordion-icon opened-icon\"><i class=\"far fa-angle-down\"><\/i><\/span>\n\t\t\t\t\t\t\t\t<span\n\t\t\t\t\t\t\t\t\tclass=\"accordion-icon closed-icon\"><i class=\"far fa-angle-up\"><\/i><\/span>\n\t\t\t\t\t\t\t<\/div>\n\t\t\t\t\t\t\t\t\t\t\t<\/div>\n\t\t\t\t\t<div class=\"accordion-content\">\n\t\t\t\t\t\t<p>Nous acceptons les paiements par :<\/p><ul><li>Cartes bancaires (Visa, Mastercard, American Express).<\/li><li>PayPal.<\/li><li>Paiements mobiles (Apple Pay, Google Pay).<\/li><li>Paiement par virement bancaire (pour certaines zones uniquement).<\/li><\/ul>\t\t\t\t\t<\/div>\n\t\t\t\t<\/div>\n\t\t\t\t\t\t\t<div class=\"accordion-section\">\n\t\t\t\t\t<div class=\"accordion-header\">\n\t\t\t\t\t\t<div class=\"accordion-title-wrapper\">\n\t\t\t\t\t\t\t<h6 class=\"accordion-title\">Quels sont les d\u00e9lais de livraison ?<\/h6>\t\t\t\t\t\t<\/div>\n\t\t\t\t\t\t\t\t\t\t\t\t\t<div class=\"accordion-icons\">\n\t\t\t\t\t\t\t\t<span\n\t\t\t\t\t\t\t\t\tclass=\"accordion-icon opened-icon\"><i class=\"far fa-angle-down\"><\/i><\/span>\n\t\t\t\t\t\t\t\t<span\n\t\t\t\t\t\t\t\t\tclass=\"accordion-icon closed-icon\"><i class=\"far fa-angle-up\"><\/i><\/span>\n\t\t\t\t\t\t\t<\/div>\n\t\t\t\t\t\t\t\t\t\t\t<\/div>\n\t\t\t\t\t<div class=\"accordion-content\">\n\t\t\t\t\t\t<ul><li><strong>France et Europe<\/strong> : 3 \u00e0 7 jours ouvrables.<\/li><li><strong>International<\/strong> : 7 \u00e0 15 jours ouvrables.<br \/>Les d\u00e9lais peuvent varier en fonction de la destination et des transporteurs.<\/li><\/ul>\t\t\t\t\t<\/div>\n\t\t\t\t<\/div>\n\t\t\t\t\t\t\t<div class=\"accordion-section\">\n\t\t\t\t\t<div class=\"accordion-header\">\n\t\t\t\t\t\t<div class=\"accordion-title-wrapper\">\n\t\t\t\t\t\t\t<h6 class=\"accordion-title\">Comment suivre ma commande ?<\/h6>\t\t\t\t\t\t<\/div>\n\t\t\t\t\t\t\t\t\t\t\t\t\t<div class=\"accordion-icons\">\n\t\t\t\t\t\t\t\t<span\n\t\t\t\t\t\t\t\t\tclass=\"accordion-icon opened-icon\"><i class=\"far fa-angle-down\"><\/i><\/span>\n\t\t\t\t\t\t\t\t<span\n\t\t\t\t\t\t\t\t\tclass=\"accordion-icon closed-icon\"><i class=\"far fa-angle-up\"><\/i><\/span>\n\t\t\t\t\t\t\t<\/div>\n\t\t\t\t\t\t\t\t\t\t\t<\/div>\n\t\t\t\t\t<div class=\"accordion-content\">\n\t\t\t\t\t\t<p>Une fois votre commande exp\u00e9di\u00e9e, vous recevrez un e-mail avec un num\u00e9ro de suivi et un lien pour suivre l\u2019\u00e9tat de votre colis.<\/p>\t\t\t\t\t<\/div>\n\t\t\t\t<\/div>\n\t\t\t\t\t\t\t<div class=\"accordion-section\">\n\t\t\t\t\t<div class=\"accordion-header\">\n\t\t\t\t\t\t<div class=\"accordion-title-wrapper\">\n\t\t\t\t\t\t\t<h6 class=\"accordion-title\">Livrez-vous \u00e0 l\u2019international ?<\/h6>\t\t\t\t\t\t<\/div>\n\t\t\t\t\t\t\t\t\t\t\t\t\t<div class=\"accordion-icons\">\n\t\t\t\t\t\t\t\t<span\n\t\t\t\t\t\t\t\t\tclass=\"accordion-icon opened-icon\"><i class=\"far fa-angle-down\"><\/i><\/span>\n\t\t\t\t\t\t\t\t<span\n\t\t\t\t\t\t\t\t\tclass=\"accordion-icon closed-icon\"><i class=\"far fa-angle-up\"><\/i><\/span>\n\t\t\t\t\t\t\t<\/div>\n\t\t\t\t\t\t\t\t\t\t\t<\/div>\n\t\t\t\t\t<div class=\"accordion-content\">\n\t\t\t\t\t\t<p>Oui, nous livrons dans de nombreux pays \u00e0 travers le monde. Si votre destination n&#8217;est pas disponible lors du paiement, contactez notre service client.<\/p>\t\t\t\t\t<\/div>\n\t\t\t\t<\/div>\n\t\t\t\t\t\t\t<div class=\"accordion-section\">\n\t\t\t\t\t<div class=\"accordion-header\">\n\t\t\t\t\t\t<div class=\"accordion-title-wrapper\">\n\t\t\t\t\t\t\t<h6 class=\"accordion-title\">Puis-je retourner un article ?<\/h6>\t\t\t\t\t\t<\/div>\n\t\t\t\t\t\t\t\t\t\t\t\t\t<div class=\"accordion-icons\">\n\t\t\t\t\t\t\t\t<span\n\t\t\t\t\t\t\t\t\tclass=\"accordion-icon opened-icon\"><i class=\"far fa-angle-down\"><\/i><\/span>\n\t\t\t\t\t\t\t\t<span\n\t\t\t\t\t\t\t\t\tclass=\"accordion-icon closed-icon\"><i class=\"far fa-angle-up\"><\/i><\/span>\n\t\t\t\t\t\t\t<\/div>\n\t\t\t\t\t\t\t\t\t\t\t<\/div>\n\t\t\t\t\t<div class=\"accordion-content\">\n\t\t\t\t\t\t<p>Oui, vous avez <strong>14 jours<\/strong> apr\u00e8s r\u00e9ception de votre commande pour effectuer un retour. Assurez-vous que les articles soient dans leur \u00e9tat d\u2019origine avec les \u00e9tiquettes intactes.<\/p>\t\t\t\t\t<\/div>\n\t\t\t\t<\/div>\n\t\t\t\t\t\t\t<div class=\"accordion-section\">\n\t\t\t\t\t<div class=\"accordion-header\">\n\t\t\t\t\t\t<div class=\"accordion-title-wrapper\">\n\t\t\t\t\t\t\t<h6 class=\"accordion-title\">Les retours sont-ils gratuits ?<\/h6>\t\t\t\t\t\t<\/div>\n\t\t\t\t\t\t\t\t\t\t\t\t\t<div class=\"accordion-icons\">\n\t\t\t\t\t\t\t\t<span\n\t\t\t\t\t\t\t\t\tclass=\"accordion-icon opened-icon\"><i class=\"far fa-angle-down\"><\/i><\/span>\n\t\t\t\t\t\t\t\t<span\n\t\t\t\t\t\t\t\t\tclass=\"accordion-icon closed-icon\"><i class=\"far fa-angle-up\"><\/i><\/span>\n\t\t\t\t\t\t\t<\/div>\n\t\t\t\t\t\t\t\t\t\t\t<\/div>\n\t\t\t\t\t<div class=\"accordion-content\">\n\t\t\t\t\t\t<p>Les frais de retour sont \u00e0 la charge du client, sauf en cas d\u2019article d\u00e9fectueux ou d\u2019erreur de notre part.<\/p>\t\t\t\t\t<\/div>\n\t\t\t\t<\/div>\n\t\t\t\t\t\t\t<div class=\"accordion-section\">\n\t\t\t\t\t<div class=\"accordion-header\">\n\t\t\t\t\t\t<div class=\"accordion-title-wrapper\">\n\t\t\t\t\t\t\t<h6 class=\"accordion-title\">Comment effectuer un \u00e9change ?<\/h6>\t\t\t\t\t\t<\/div>\n\t\t\t\t\t\t\t\t\t\t\t\t\t<div class=\"accordion-icons\">\n\t\t\t\t\t\t\t\t<span\n\t\t\t\t\t\t\t\t\tclass=\"accordion-icon opened-icon\"><i class=\"far fa-angle-down\"><\/i><\/span>\n\t\t\t\t\t\t\t\t<span\n\t\t\t\t\t\t\t\t\tclass=\"accordion-icon closed-icon\"><i class=\"far fa-angle-up\"><\/i><\/span>\n\t\t\t\t\t\t\t<\/div>\n\t\t\t\t\t\t\t\t\t\t\t<\/div>\n\t\t\t\t\t<div class=\"accordion-content\">\n\t\t\t\t\t\t<p>Envoyez-nous un e-mail \u00e0 <strong><a rel=\"noopener\">contact@s-keidgi.com<\/a><\/strong> pour organiser l\u2019\u00e9change. Une fois votre article retourn\u00e9, nous exp\u00e9dierons l\u2019article de remplacement.<\/p>\t\t\t\t\t<\/div>\n\t\t\t\t<\/div>\n\t\t\t\t\t\t\t<div class=\"accordion-section\">\n\t\t\t\t\t<div class=\"accordion-header\">\n\t\t\t\t\t\t<div class=\"accordion-title-wrapper\">\n\t\t\t\t\t\t\t<h6 class=\"accordion-title\">Les articles sont-ils disponibles en \u00e9dition limit\u00e9e ?<\/h6>\t\t\t\t\t\t<\/div>\n\t\t\t\t\t\t\t\t\t\t\t\t\t<div class=\"accordion-icons\">\n\t\t\t\t\t\t\t\t<span\n\t\t\t\t\t\t\t\t\tclass=\"accordion-icon opened-icon\"><i class=\"far fa-angle-down\"><\/i><\/span>\n\t\t\t\t\t\t\t\t<span\n\t\t\t\t\t\t\t\t\tclass=\"accordion-icon closed-icon\"><i class=\"far fa-angle-up\"><\/i><\/span>\n\t\t\t\t\t\t\t<\/div>\n\t\t\t\t\t\t\t\t\t\t\t<\/div>\n\t\t\t\t\t<div class=\"accordion-content\">\n\t\t\t\t\t\t<p>Oui, nos cr\u00e9ations sont souvent propos\u00e9es en \u00e9ditions limit\u00e9es pour garantir leur exclusivit\u00e9 et leur singularit\u00e9.<\/p>\t\t\t\t\t<\/div>\n\t\t\t\t<\/div>\n\t\t\t\t\t\t\t<div class=\"accordion-section\">\n\t\t\t\t\t<div class=\"accordion-header\">\n\t\t\t\t\t\t<div class=\"accordion-title-wrapper\">\n\t\t\t\t\t\t\t<h6 class=\"accordion-title\">Comment choisir ma taille ?<\/h6>\t\t\t\t\t\t<\/div>\n\t\t\t\t\t\t\t\t\t\t\t\t\t<div class=\"accordion-icons\">\n\t\t\t\t\t\t\t\t<span\n\t\t\t\t\t\t\t\t\tclass=\"accordion-icon opened-icon\"><i class=\"far fa-angle-down\"><\/i><\/span>\n\t\t\t\t\t\t\t\t<span\n\t\t\t\t\t\t\t\t\tclass=\"accordion-icon closed-icon\"><i class=\"far fa-angle-up\"><\/i><\/span>\n\t\t\t\t\t\t\t<\/div>\n\t\t\t\t\t\t\t\t\t\t\t<\/div>\n\t\t\t\t\t<div class=\"accordion-content\">\n\t\t\t\t\t\t<p>Chaque fiche produit inclut un guide des tailles pour vous aider \u00e0 choisir la taille id\u00e9ale. Si vous avez des doutes, n\u2019h\u00e9sitez pas \u00e0 contacter notre service client.<\/p>\t\t\t\t\t<\/div>\n\t\t\t\t<\/div>\n\t\t\t\t\t\t\t<div class=\"accordion-section\">\n\t\t\t\t\t<div class=\"accordion-header\">\n\t\t\t\t\t\t<div class=\"accordion-title-wrapper\">\n\t\t\t\t\t\t\t<h6 class=\"accordion-title\">Les articles sont-ils unisexes ?<\/h6>\t\t\t\t\t\t<\/div>\n\t\t\t\t\t\t\t\t\t\t\t\t\t<div class=\"accordion-icons\">\n\t\t\t\t\t\t\t\t<span\n\t\t\t\t\t\t\t\t\tclass=\"accordion-icon opened-icon\"><i class=\"far fa-angle-down\"><\/i><\/span>\n\t\t\t\t\t\t\t\t<span\n\t\t\t\t\t\t\t\t\tclass=\"accordion-icon closed-icon\"><i class=\"far fa-angle-up\"><\/i><\/span>\n\t\t\t\t\t\t\t<\/div>\n\t\t\t\t\t\t\t\t\t\t\t<\/div>\n\t\t\t\t\t<div class=\"accordion-content\">\n\t\t\t\t\t\t<p>Certaines pi\u00e8ces sont unisexes, et cela est mentionn\u00e9 sur les fiches produits concern\u00e9es.<\/p>\t\t\t\t\t<\/div>\n\t\t\t\t<\/div>\n\t\t\t\t\t\t\t<div class=\"accordion-section\">\n\t\t\t\t\t<div class=\"accordion-header\">\n\t\t\t\t\t\t<div class=\"accordion-title-wrapper\">\n\t\t\t\t\t\t\t<h6 class=\"accordion-title\">Comment puis-je vous contacter ?<\/h6>\t\t\t\t\t\t<\/div>\n\t\t\t\t\t\t\t\t\t\t\t\t\t<div class=\"accordion-icons\">\n\t\t\t\t\t\t\t\t<span\n\t\t\t\t\t\t\t\t\tclass=\"accordion-icon opened-icon\"><i class=\"far fa-angle-down\"><\/i><\/span>\n\t\t\t\t\t\t\t\t<span\n\t\t\t\t\t\t\t\t\tclass=\"accordion-icon closed-icon\"><i class=\"far fa-angle-up\"><\/i><\/span>\n\t\t\t\t\t\t\t<\/div>\n\t\t\t\t\t\t\t\t\t\t\t<\/div>\n\t\t\t\t\t<div class=\"accordion-content\">\n\t\t\t\t\t\t<p>Vous pouvez nous contacter via :<\/p><ul><li>E-mail : <strong><a rel=\"noopener\">contact@s-keidgi.com<\/a><\/strong><\/li><li>Formulaire de contact disponible sur notre site.<\/li><\/ul>\t\t\t\t\t<\/div>\n\t\t\t\t<\/div>\n\t\t\t\t\t\t\t<div class=\"accordion-section\">\n\t\t\t\t\t<div class=\"accordion-header\">\n\t\t\t\t\t\t<div class=\"accordion-title-wrapper\">\n\t\t\t\t\t\t\t<h6 class=\"accordion-title\">Quels sont vos horaires de service client ?<\/h6>\t\t\t\t\t\t<\/div>\n\t\t\t\t\t\t\t\t\t\t\t\t\t<div class=\"accordion-icons\">\n\t\t\t\t\t\t\t\t<span\n\t\t\t\t\t\t\t\t\tclass=\"accordion-icon opened-icon\"><i class=\"far fa-angle-down\"><\/i><\/span>\n\t\t\t\t\t\t\t\t<span\n\t\t\t\t\t\t\t\t\tclass=\"accordion-icon closed-icon\"><i class=\"far fa-angle-up\"><\/i><\/span>\n\t\t\t\t\t\t\t<\/div>\n\t\t\t\t\t\t\t\t\t\t\t<\/div>\n\t\t\t\t\t<div class=\"accordion-content\">\n\t\t\t\t\t\t<p>Notre \u00e9quipe est disponible du lundi au vendredi, de <strong>9h \u00e0 18h (CET)<\/strong>.<\/p>\t\t\t\t\t<\/div>\n\t\t\t\t<\/div>\n\t\t\t\t\t\t\t<div class=\"accordion-section\">\n\t\t\t\t\t<div class=\"accordion-header\">\n\t\t\t\t\t\t<div class=\"accordion-title-wrapper\">\n\t\t\t\t\t\t\t<h6 class=\"accordion-title\">Dois-je cr\u00e9er un compte pour passer commande ?<\/h6>\t\t\t\t\t\t<\/div>\n\t\t\t\t\t\t\t\t\t\t\t\t\t<div class=\"accordion-icons\">\n\t\t\t\t\t\t\t\t<span\n\t\t\t\t\t\t\t\t\tclass=\"accordion-icon opened-icon\"><i class=\"far fa-angle-down\"><\/i><\/span>\n\t\t\t\t\t\t\t\t<span\n\t\t\t\t\t\t\t\t\tclass=\"accordion-icon closed-icon\"><i class=\"far fa-angle-up\"><\/i><\/span>\n\t\t\t\t\t\t\t<\/div>\n\t\t\t\t\t\t\t\t\t\t\t<\/div>\n\t\t\t\t\t<div class=\"accordion-content\">\n\t\t\t\t\t\t<p>Non, vous pouvez commander en tant qu\u2019invit\u00e9. Cependant, cr\u00e9er un compte vous permet de suivre vos commandes et d\u2019acc\u00e9der \u00e0 des avantages exclusifs.<\/p>\t\t\t\t\t<\/div>\n\t\t\t\t<\/div>\n\t\t\t\t\t\t\t<div class=\"accordion-section\">\n\t\t\t\t\t<div class=\"accordion-header\">\n\t\t\t\t\t\t<div class=\"accordion-title-wrapper\">\n\t\t\t\t\t\t\t<h6 class=\"accordion-title\">Comment cr\u00e9er un compte ?<\/h6>\t\t\t\t\t\t<\/div>\n\t\t\t\t\t\t\t\t\t\t\t\t\t<div class=\"accordion-icons\">\n\t\t\t\t\t\t\t\t<span\n\t\t\t\t\t\t\t\t\tclass=\"accordion-icon opened-icon\"><i class=\"far fa-angle-down\"><\/i><\/span>\n\t\t\t\t\t\t\t\t<span\n\t\t\t\t\t\t\t\t\tclass=\"accordion-icon closed-icon\"><i class=\"far fa-angle-up\"><\/i><\/span>\n\t\t\t\t\t\t\t<\/div>\n\t\t\t\t\t\t\t\t\t\t\t<\/div>\n\t\t\t\t\t<div class=\"accordion-content\">\n\t\t\t\t\t\t<p>Cliquez sur &#8220;Cr\u00e9er un compte&#8221; en haut de notre site, puis remplissez le formulaire avec vos informations personnelles.<\/p>\t\t\t\t\t<\/div>\n\t\t\t\t<\/div>\n\t\t\t\t\t\t\t<div class=\"accordion-section\">\n\t\t\t\t\t<div class=\"accordion-header\">\n\t\t\t\t\t\t<div class=\"accordion-title-wrapper\">\n\t\t\t\t\t\t\t<h6 class=\"accordion-title\">Que faire si j\u2019oublie mon mot de passe ?<\/h6>\t\t\t\t\t\t<\/div>\n\t\t\t\t\t\t\t\t\t\t\t\t\t<div class=\"accordion-icons\">\n\t\t\t\t\t\t\t\t<span\n\t\t\t\t\t\t\t\t\tclass=\"accordion-icon opened-icon\"><i class=\"far fa-angle-down\"><\/i><\/span>\n\t\t\t\t\t\t\t\t<span\n\t\t\t\t\t\t\t\t\tclass=\"accordion-icon closed-icon\"><i class=\"far fa-angle-up\"><\/i><\/span>\n\t\t\t\t\t\t\t<\/div>\n\t\t\t\t\t\t\t\t\t\t\t<\/div>\n\t\t\t\t\t<div class=\"accordion-content\">\n\t\t\t\t\t\t<p>Cliquez sur &#8220;Mot de passe oubli\u00e9&#8221; lors de la connexion et suivez les instructions pour r\u00e9initialiser votre mot de passe.<\/p>\t\t\t\t\t<\/div>\n\t\t\t\t<\/div>\n\t\t\t\t\t\t\t<div class=\"accordion-section\">\n\t\t\t\t\t<div class=\"accordion-header\">\n\t\t\t\t\t\t<div class=\"accordion-title-wrapper\">\n\t\t\t\t\t\t\t<h6 class=\"accordion-title\">Proposez-vous des remises ou des codes promo ?<\/h6>\t\t\t\t\t\t<\/div>\n\t\t\t\t\t\t\t\t\t\t\t\t\t<div class=\"accordion-icons\">\n\t\t\t\t\t\t\t\t<span\n\t\t\t\t\t\t\t\t\tclass=\"accordion-icon opened-icon\"><i class=\"far fa-angle-down\"><\/i><\/span>\n\t\t\t\t\t\t\t\t<span\n\t\t\t\t\t\t\t\t\tclass=\"accordion-icon closed-icon\"><i class=\"far fa-angle-up\"><\/i><\/span>\n\t\t\t\t\t\t\t<\/div>\n\t\t\t\t\t\t\t\t\t\t\t<\/div>\n\t\t\t\t\t<div class=\"accordion-content\">\n\t\t\t\t\t\t<p>Oui, inscrivez-vous \u00e0 notre newsletter pour recevoir des offres exclusives et des codes de r\u00e9duction.<\/p>\t\t\t\t\t<\/div>\n\t\t\t\t<\/div>\n\t\t\t\t\t\t\t<div class=\"accordion-section\">\n\t\t\t\t\t<div class=\"accordion-header\">\n\t\t\t\t\t\t<div class=\"accordion-title-wrapper\">\n\t\t\t\t\t\t\t<h6 class=\"accordion-title\">Puis-je cumuler plusieurs codes promo ?<\/h6>\t\t\t\t\t\t<\/div>\n\t\t\t\t\t\t\t\t\t\t\t\t\t<div class=\"accordion-icons\">\n\t\t\t\t\t\t\t\t<span\n\t\t\t\t\t\t\t\t\tclass=\"accordion-icon opened-icon\"><i class=\"far fa-angle-down\"><\/i><\/span>\n\t\t\t\t\t\t\t\t<span\n\t\t\t\t\t\t\t\t\tclass=\"accordion-icon closed-icon\"><i class=\"far fa-angle-up\"><\/i><\/span>\n\t\t\t\t\t\t\t<\/div>\n\t\t\t\t\t\t\t\t\t\t\t<\/div>\n\t\t\t\t\t<div class=\"accordion-content\">\n\t\t\t\t\t\t<p>Non, un seul code promo peut \u00eatre utilis\u00e9 par commande.<\/p>\t\t\t\t\t<\/div>\n\t\t\t\t<\/div>\n\t\t\t\t\t\t\t<div class=\"accordion-section\">\n\t\t\t\t\t<div class=\"accordion-header\">\n\t\t\t\t\t\t<div class=\"accordion-title-wrapper\">\n\t\t\t\t\t\t\t<h6 class=\"accordion-title\">Vos articles sont-ils fabriqu\u00e9s de mani\u00e8re \u00e9thique ?<\/h6>\t\t\t\t\t\t<\/div>\n\t\t\t\t\t\t\t\t\t\t\t\t\t<div class=\"accordion-icons\">\n\t\t\t\t\t\t\t\t<span\n\t\t\t\t\t\t\t\t\tclass=\"accordion-icon opened-icon\"><i class=\"far fa-angle-down\"><\/i><\/span>\n\t\t\t\t\t\t\t\t<span\n\t\t\t\t\t\t\t\t\tclass=\"accordion-icon closed-icon\"><i class=\"far fa-angle-up\"><\/i><\/span>\n\t\t\t\t\t\t\t<\/div>\n\t\t\t\t\t\t\t\t\t\t\t<\/div>\n\t\t\t\t\t<div class=\"accordion-content\">\n\t\t\t\t\t\t<p>Nous valorisons la qualit\u00e9 et l\u2019\u00e9thique. Nos articles sont con\u00e7us avec soin, dans le respect des conditions de travail des artisans et des normes environnementales.<\/p>\t\t\t\t\t<\/div>\n\t\t\t\t<\/div>\n\t\t\t\t\t\t\t<div class=\"accordion-section\">\n\t\t\t\t\t<div class=\"accordion-header\">\n\t\t\t\t\t\t<div class=\"accordion-title-wrapper\">\n\t\t\t\t\t\t\t<h6 class=\"accordion-title\">Organisez-vous des collaborations ?<\/h6>\t\t\t\t\t\t<\/div>\n\t\t\t\t\t\t\t\t\t\t\t\t\t<div class=\"accordion-icons\">\n\t\t\t\t\t\t\t\t<span\n\t\t\t\t\t\t\t\t\tclass=\"accordion-icon opened-icon\"><i class=\"far fa-angle-down\"><\/i><\/span>\n\t\t\t\t\t\t\t\t<span\n\t\t\t\t\t\t\t\t\tclass=\"accordion-icon closed-icon\"><i class=\"far fa-angle-up\"><\/i><\/span>\n\t\t\t\t\t\t\t<\/div>\n\t\t\t\t\t\t\t\t\t\t\t<\/div>\n\t\t\t\t\t<div class=\"accordion-content\">\n\t\t\t\t\t\t<p>Nous sommes toujours ouverts aux collaborations. Si vous \u00eates cr\u00e9ateur, influenceur ou styliste, contactez-nous \u00e0 <strong><a rel=\"noopener\">contact@s-keidgi.com<\/a><\/strong>.<\/p>\t\t\t\t\t<\/div>\n\t\t\t\t<\/div>\n\t\t\t\t\t<\/div>\n\t\t\t\t\t\t<\/div>\n\t\t\t\t<\/div>\n\t\t\t\t\t<\/div>\n\t\t<\/div>\n\t\t\t\t\t<\/div>\n\t\t<\/section>\n\t\t\t\t<\/div>\n\t\t","protected":false},"excerpt":{"rendered":"<p>FAQ &#8211; Frequently Asked Questions Welcome to S.Ke\u00efdgi&#8216;s FAQ section. Here you&#8217;ll find answers to the most frequently asked questions about our products, ordering, shipping and much more. Comment passer une commande ? Rendez-vous sur notre boutique en ligne, s\u00e9lectionnez vos articles pr\u00e9f\u00e9r\u00e9s, choisissez la taille et ajoutez-les au panier. Une fois votre s\u00e9lection termin\u00e9e, cliquez sur &#8220;Passer \u00e0 la caisse&#8221; et suivez les \u00e9tapes pour finaliser votre achat. Puis-je modifier ou annuler ma commande ? Vous pouvez modifier ou annuler votre commande dans les 24 heures suivant sa validation. Contactez-nous rapidement \u00e0 contact@s-keidgi.com pour effectuer les changements. Quels sont les moyens de paiement accept\u00e9s ? Nous acceptons les paiements par : Cartes bancaires (Visa, Mastercard, American Express). PayPal. Paiements mobiles (Apple Pay, Google Pay). Paiement par virement bancaire (pour certaines zones uniquement). Quels sont les d\u00e9lais de livraison ? France et Europe : 3 \u00e0 7 jours ouvrables. International : 7 \u00e0 15 jours ouvrables.Les d\u00e9lais peuvent varier en fonction de la destination et des transporteurs. Comment suivre ma commande ? Une fois votre commande exp\u00e9di\u00e9e, vous recevrez un e-mail avec un num\u00e9ro de suivi et un lien pour suivre l\u2019\u00e9tat de votre colis. Livrez-vous \u00e0 l\u2019international ? Oui, nous livrons dans de nombreux pays \u00e0 travers le monde. Si votre destination n&#8217;est pas disponible lors du paiement, contactez notre service client. Puis-je retourner un article ? Oui, vous avez 14 jours apr\u00e8s r\u00e9ception de votre commande pour effectuer un retour. Assurez-vous que les articles soient dans leur \u00e9tat d\u2019origine avec les \u00e9tiquettes intactes. Les retours sont-ils gratuits ? Les frais de retour sont \u00e0 la charge du client, sauf en cas d\u2019article d\u00e9fectueux ou d\u2019erreur de notre part. Comment effectuer un \u00e9change ? Envoyez-nous un e-mail \u00e0 contact@s-keidgi.com pour organiser l\u2019\u00e9change. Une fois votre article retourn\u00e9, nous exp\u00e9dierons l\u2019article de remplacement. Les articles sont-ils disponibles en \u00e9dition limit\u00e9e ? Oui, nos cr\u00e9ations sont souvent propos\u00e9es en \u00e9ditions limit\u00e9es pour garantir leur exclusivit\u00e9 et leur singularit\u00e9. Comment choisir ma taille ? Chaque fiche produit inclut un guide des tailles pour vous aider \u00e0 choisir la taille id\u00e9ale. Si vous avez des doutes, n\u2019h\u00e9sitez pas \u00e0 contacter notre service client. Les articles sont-ils unisexes ? Certaines pi\u00e8ces sont unisexes, et cela est mentionn\u00e9 sur les fiches produits concern\u00e9es. Comment puis-je vous contacter ? Vous pouvez nous contacter via : E-mail : contact@s-keidgi.com Formulaire de contact disponible sur notre site. Quels sont vos horaires de service client ? Notre \u00e9quipe est disponible du lundi au vendredi, de 9h \u00e0 18h (CET). Dois-je cr\u00e9er un compte pour passer commande ? Non, vous pouvez commander en tant qu\u2019invit\u00e9. Cependant, cr\u00e9er un compte vous permet de suivre vos commandes et d\u2019acc\u00e9der \u00e0 des avantages exclusifs. Comment cr\u00e9er un compte ? Cliquez sur &#8220;Cr\u00e9er un compte&#8221; en haut de notre site, puis remplissez le formulaire avec vos informations personnelles. Que faire si j\u2019oublie mon mot de passe ? Cliquez sur &#8220;Mot de passe oubli\u00e9&#8221; lors de la connexion et suivez les instructions pour r\u00e9initialiser votre mot de passe. Proposez-vous des remises ou des codes promo ? Oui, inscrivez-vous \u00e0 notre newsletter pour recevoir des offres exclusives et des codes de r\u00e9duction. Puis-je cumuler plusieurs codes promo ? Non, un seul code promo peut \u00eatre utilis\u00e9 par commande. Vos articles sont-ils fabriqu\u00e9s de mani\u00e8re \u00e9thique ? Nous valorisons la qualit\u00e9 et l\u2019\u00e9thique. Nos articles sont con\u00e7us avec soin, dans le respect des conditions de travail des artisans et des normes environnementales. Organisez-vous des collaborations ? Nous sommes toujours ouverts aux collaborations. Si vous \u00eates cr\u00e9ateur, influenceur ou styliste, contactez-nous \u00e0 contact@s-keidgi.com.<\/p>\n","protected":false},"author":1,"featured_media":0,"parent":0,"menu_order":0,"comment_status":"closed","ping_status":"closed","template":"","meta":{"footnotes":""},"class_list":["post-23116","page","type-page","status-publish","hentry","post-no-thumbnail"],"jetpack_sharing_enabled":true,"_links":{"self":[{"href":"https:\/\/www.skeidgi.com\/en\/wp-json\/wp\/v2\/pages\/23116","targetHints":{"allow":["GET"]}}],"collection":[{"href":"https:\/\/www.skeidgi.com\/en\/wp-json\/wp\/v2\/pages"}],"about":[{"href":"https:\/\/www.skeidgi.com\/en\/wp-json\/wp\/v2\/types\/page"}],"author":[{"embeddable":true,"href":"https:\/\/www.skeidgi.com\/en\/wp-json\/wp\/v2\/users\/1"}],"replies":[{"embeddable":true,"href":"https:\/\/www.skeidgi.com\/en\/wp-json\/wp\/v2\/comments?post=23116"}],"version-history":[{"count":1,"href":"https:\/\/www.skeidgi.com\/en\/wp-json\/wp\/v2\/pages\/23116\/revisions"}],"predecessor-version":[{"id":23117,"href":"https:\/\/www.skeidgi.com\/en\/wp-json\/wp\/v2\/pages\/23116\/revisions\/23117"}],"wp:attachment":[{"href":"https:\/\/www.skeidgi.com\/en\/wp-json\/wp\/v2\/media?parent=23116"}],"curies":[{"name":"wp","href":"https:\/\/api.w.org\/{rel}","templated":true}]}}