{"id":23118,"date":"2025-01-02T20:18:46","date_gmt":"2025-01-02T20:18:46","guid":{"rendered":"https:\/\/www.skeidgi.com\/terms-of-use\/"},"modified":"2025-02-06T18:49:32","modified_gmt":"2025-02-06T18:49:32","slug":"terms-of-use","status":"publish","type":"page","link":"https:\/\/www.skeidgi.com\/en\/terms-of-use\/","title":{"rendered":"Terms of use"},"content":{"rendered":"\t\t<div data-elementor-type=\"wp-page\" data-elementor-id=\"23118\" class=\"elementor elementor-23118 elementor-22656\" data-elementor-post-type=\"page\">\n\t\t\t\t\t\t<section class=\"elementor-section elementor-top-section elementor-element elementor-element-ec77aed elementor-section-boxed elementor-section-gap-beside-yes elementor-section-height-default elementor-section-height-default elementor-section-content-align-center elementor-section-column-vertical-align-stretch\" data-id=\"ec77aed\" data-element_type=\"section\" data-e-type=\"section\" data-settings=\"{&quot;ekit_has_onepagescroll_dot&quot;:&quot;yes&quot;}\">\n\t\t\t\t\t\t<div class=\"elementor-container elementor-column-gap-extended\">\n\t\t\t\t\t<div class=\"elementor-column elementor-col-100 elementor-top-column elementor-element elementor-element-3c220cf\" data-id=\"3c220cf\" data-element_type=\"column\" data-e-type=\"column\">\n\t\t\t<div class=\"elementor-widget-wrap elementor-element-populated\">\n\t\t\t\t\t\t<div class=\"elementor-element elementor-element-175c5d8 elementor-widget elementor-widget-spacer\" data-id=\"175c5d8\" data-element_type=\"widget\" data-e-type=\"widget\" data-settings=\"{&quot;ekit_we_effect_on&quot;:&quot;none&quot;}\" data-widget_type=\"spacer.default\">\n\t\t\t\t<div class=\"elementor-widget-container\">\n\t\t\t\t\t\t\t<div class=\"elementor-spacer\">\n\t\t\t<div class=\"elementor-spacer-inner\"><\/div>\n\t\t<\/div>\n\t\t\t\t\t\t<\/div>\n\t\t\t\t<\/div>\n\t\t\t\t<div class=\"elementor-element elementor-element-fdb62ba elementor-widget elementor-widget-tm-heading\" data-id=\"fdb62ba\" data-element_type=\"widget\" data-e-type=\"widget\" data-settings=\"{&quot;ekit_we_effect_on&quot;:&quot;none&quot;}\" data-widget_type=\"tm-heading.default\">\n\t\t\t\t<div class=\"elementor-widget-container\">\n\t\t\t\t\t\t\t<div class=\"tm-modern-heading tm-modern-heading--style-03 tm-modern-heading--highlight-style-01\">\n\t\t\t\n\t\t\t\t\t<div class=\"heading-primary-wrap\">\n\t\t\t<h2 class=\"heading-primary elementor-heading-title\">Welcome to the official S.Ke\u00efdgi website. In accordance with current legislation, we provide the legal information relating to the operation of this site. <\/h2>\t\t<\/div>\n\t\t\n\t\t\t\n\t\t\t\t\t<div class=\"heading-description-wrap\">\n\t\t\t<div class=\"heading-description\">\n\t\t\t\t<h3><strong>Site editor<\/strong><\/h3><p>The website <strong><a href=\"http:\/\/www.s-keidgi.com\" target=\"_new\" rel=\"noopener\">www.s-keidgi.com<\/a><\/strong> is edited by :<br><strong>S.Ke\u00efdgi<\/strong><br><strong>Company name<\/strong>:  [Nom de l\u2019entreprise ou nom du cr\u00e9ateur]<br><strong>Head office address<\/strong>: [Full address, France].<br><strong>SIRET<\/strong>:  [Num\u00e9ro SIRET de l\u2019entreprise]<br><strong>RCS<\/strong>:  [Num\u00e9ro de Registre du Commerce et des Soci\u00e9t\u00e9s]<br><strong>Intracommunity VAT<\/strong>:  [Num\u00e9ro de TVA intracommunautaire]<br><strong>Contact<\/strong>:<\/p><ul><li>Phone :  [Num\u00e9ro de t\u00e9l\u00e9phone]<\/li><li>E-mail : <strong><a rel=\"noopener\">contact@s-keidgi.com<\/a><\/strong><\/li><\/ul><h3><strong>Site host<\/strong><\/h3><p>The site is hosted by :<br><strong>[Nom de l\u2019h\u00e9bergeur]<\/strong><br><strong>Address<\/strong>: [Adresse compl\u00e8te de l\u2019h\u00e9bergeur]<br><strong>Telephone<\/strong>: [Num\u00e9ro de t\u00e9l\u00e9phone de l\u2019h\u00e9bergeur]<br><strong>Website<\/strong>:  [URL de l\u2019h\u00e9bergeur]<\/p><h3><strong>Intellectual property<\/strong><\/h3><p>All elements on this site (text, images, graphics, logos, videos, icons, etc.) are protected by copyright, trademark law and other intellectual property laws.<\/p><p><strong>S.Ke\u00efdgi<\/strong> is a registered trademark. Any reproduction, distribution, modification or use, in whole or in part, of the contents of the site without prior written authorization is strictly prohibited and constitutes an infringement punishable by articles L.335-2 et seq. of the French Intellectual Property Code.<\/p><h3><strong>Personal data<\/strong><\/h3><p>The processing of personal data collected via this site is carried out in accordance with our [Politique de confidentialit\u00e9](URL to Privacy Policy page).<\/p><p><strong>Data controller<\/strong>:<br>[Nom ou raison sociale de l\u2019entreprise]<br><strong>Purpose of data collection<\/strong>: order management, commercial communication, statistical analysis, etc.<\/p><p>Users have the right to access, rectify, delete and port personal data concerning them, as well as the right to oppose or limit the processing of such data. To exercise your rights, contact us at <strong><a rel=\"noopener\">contact@s-keidgi.com<\/a><\/strong>.<\/p><h3><strong>Cookies<\/strong><\/h3><p>This site uses cookies to improve the user experience, analyze traffic and propose adapted content. You can manage your cookie preferences at any time from the dedicated [lien vers la gestion des cookies] interface.<\/p><h3><strong>Liability<\/strong><\/h3><p><strong>S.Ke\u00efdgi<\/strong> strives to provide accurate and up-to-date information on this site. However, we do not guarantee the accuracy, completeness or relevance of the information presented.<\/p><p>We accept no liability for any direct or indirect damage arising from use of the site, interruption of access or the presence of viruses.<\/p><h3><strong>External links<\/strong><\/h3><p>The site may contain links to third-party sites. <strong>S.Ke\u00efdgi<\/strong> is not responsible for the content of these external sites or their privacy policy.<\/p><h3><strong>Applicable law and jurisdiction<\/strong><\/h3><p>This legal notice is governed by French law. Any dispute relating to the use of the site <strong><a href=\"http:\/\/www.s-keidgi.com\" target=\"_new\" rel=\"noopener\">www.s-keidgi.com<\/a><\/strong> is subject to the exclusive jurisdiction of the French courts.<\/p><h3><strong>Updating legal notices<\/strong><\/h3><p>This legal notice may be modified at any time to adapt to changes in the site or in current legislation. We invite you to consult them regularly.<\/p><p>If you have any questions about this legal notice, please contact us at <strong><a rel=\"noopener\">contact@s-keidgi.com<\/a><\/strong>.<\/p>\t\t\t<\/div>\n\t\t<\/div>\n\t\t\t\t<\/div>\n\t\t\t\t\t\t<\/div>\n\t\t\t\t<\/div>\n\t\t\t\t\t<\/div>\n\t\t<\/div>\n\t\t\t\t\t<\/div>\n\t\t<\/section>\n\t\t\t\t<\/div>\n\t\t","protected":false},"excerpt":{"rendered":"<p>Welcome to the official S.Ke\u00efdgi website. In accordance with current legislation, we provide the legal information relating to the operation of this site. Site editor The website www.s-keidgi.com is edited by :S.Ke\u00efdgiCompany name: [Nom de l\u2019entreprise ou nom du cr\u00e9ateur]Head office address: [Full address, France].SIRET: [Num\u00e9ro SIRET de l\u2019entreprise]RCS: [Num\u00e9ro de Registre du Commerce et des Soci\u00e9t\u00e9s]Intracommunity VAT: [Num\u00e9ro de TVA intracommunautaire]Contact: Phone : [Num\u00e9ro de t\u00e9l\u00e9phone] E-mail : contact@s-keidgi.com Site host The site is hosted by :[Nom de l\u2019h\u00e9bergeur]Address: [Adresse compl\u00e8te de l\u2019h\u00e9bergeur]Telephone: [Num\u00e9ro de t\u00e9l\u00e9phone de l\u2019h\u00e9bergeur]Website: [URL de l\u2019h\u00e9bergeur] Intellectual property All elements on this site (text, images, graphics, logos, videos, icons, etc.) are protected by copyright, trademark law and other intellectual property laws. S.Ke\u00efdgi is a registered trademark. Any reproduction, distribution, modification or use, in whole or in part, of the contents of the site without prior written authorization is strictly prohibited and constitutes an infringement punishable by articles L.335-2 et seq. of the French Intellectual Property Code. Personal data The processing of personal data collected via this site is carried out in accordance with our [Politique de confidentialit\u00e9](URL to Privacy Policy page). Data controller:[Nom ou raison sociale de l\u2019entreprise]Purpose of data collection: order management, commercial communication, statistical analysis, etc. Users have the right to access, rectify, delete and port personal data concerning them, as well as the right to oppose or limit the processing of such data. To exercise your rights, contact us at contact@s-keidgi.com. Cookies This site uses cookies to improve the user experience, analyze traffic and propose adapted content. You can manage your cookie preferences at any time from the dedicated [lien vers la gestion des cookies] interface. Liability S.Ke\u00efdgi strives to provide accurate and up-to-date information on this site. However, we do not guarantee the accuracy, completeness or relevance of the information presented. We accept no liability for any direct or indirect damage arising from use of the site, interruption of access or the presence of viruses. External links The site may contain links to third-party sites. S.Ke\u00efdgi is not responsible for the content of these external sites or their privacy policy. Applicable law and jurisdiction This legal notice is governed by French law. Any dispute relating to the use of the site www.s-keidgi.com is subject to the exclusive jurisdiction of the French courts. Updating legal notices This legal notice may be modified at any time to adapt to changes in the site or in current legislation. We invite you to consult them regularly. If you have any questions about this legal notice, please contact us at contact@s-keidgi.com.<\/p>\n","protected":false},"author":1,"featured_media":0,"parent":0,"menu_order":0,"comment_status":"closed","ping_status":"closed","template":"","meta":{"footnotes":""},"class_list":["post-23118","page","type-page","status-publish","hentry","post-no-thumbnail"],"jetpack_sharing_enabled":true,"_links":{"self":[{"href":"https:\/\/www.skeidgi.com\/en\/wp-json\/wp\/v2\/pages\/23118","targetHints":{"allow":["GET"]}}],"collection":[{"href":"https:\/\/www.skeidgi.com\/en\/wp-json\/wp\/v2\/pages"}],"about":[{"href":"https:\/\/www.skeidgi.com\/en\/wp-json\/wp\/v2\/types\/page"}],"author":[{"embeddable":true,"href":"https:\/\/www.skeidgi.com\/en\/wp-json\/wp\/v2\/users\/1"}],"replies":[{"embeddable":true,"href":"https:\/\/www.skeidgi.com\/en\/wp-json\/wp\/v2\/comments?post=23118"}],"version-history":[{"count":1,"href":"https:\/\/www.skeidgi.com\/en\/wp-json\/wp\/v2\/pages\/23118\/revisions"}],"predecessor-version":[{"id":23119,"href":"https:\/\/www.skeidgi.com\/en\/wp-json\/wp\/v2\/pages\/23118\/revisions\/23119"}],"wp:attachment":[{"href":"https:\/\/www.skeidgi.com\/en\/wp-json\/wp\/v2\/media?parent=23118"}],"curies":[{"name":"wp","href":"https:\/\/api.w.org\/{rel}","templated":true}]}}