{"id":24249,"date":"2025-07-14T21:46:51","date_gmt":"2025-07-14T21:46:51","guid":{"rendered":"https:\/\/www.skeidgi.com\/product\/chemise-zebra-noir-et-blanc\/"},"modified":"2026-03-22T10:11:35","modified_gmt":"2026-03-22T10:11:35","slug":"chemise-zebra-noir-et-blanc","status":"publish","type":"product","link":"https:\/\/www.skeidgi.com\/en\/produit\/chemise-zebra-noir-et-blanc\/","title":{"rendered":"Chemise Imprim\u00e9e \u00ab Contrast Flow \u00bb \u2013 Noir &amp; Blanc"},"content":{"rendered":"<p>Adoptez un style audacieux et raffin\u00e9 avec cette chemise \u00e0 motif imprim\u00e9 noir et blanc, parfaite alliance entre \u00e9l\u00e9gance graphique et confort d\u00e9contract\u00e9chemise manches courtes<\/p>\n<p>D\u00e9tails :<\/p>\n<p>Coupe droite et confortable<\/p>\n<p>Tissu doux, l\u00e9ger et respirant<\/p>\n<p>Motif graphique noir et blanc \u00e0 fort caract\u00e8re<\/p>\n<p>Finitions propres avec col rond et manches courtes<\/p>\n<p>Bords contrast\u00e9s pour un effet chic ma\u00eetris\u00e9<\/p>\n<p>Style : casual chic \/ streetwear contemporain<\/p>\n<p>unisex<\/p>\n<p>Fermeture \u00e9clair sur l&#8217;\u00e9paule gauche.<\/p>\n<p>Tissus en toile de satin imprim\u00e9<\/p>\n<p>Mati\u00e8re : Polyester<\/p>\n<p>L\u00e9ger, classe et chic,<\/p>\n<p>\u00catre \u00e9l\u00e9gante m\u00eame pour une sortie en toute d\u00e9tente.<\/p>\n<p>Mod\u00e8le en photo: taille 1.85 m\u00e8tre ,<\/p>\n<p>chemise taille S<\/p>\n","protected":false},"excerpt":{"rendered":"<p>chemise coupe africaine<\/p>\n<p>style \u00e9l\u00e9gante<\/p>\n<p>col rond<\/p>\n<p>bi-mati\u00e8re<\/p>\n<p>L\u00e9ger et confortable<\/p>\n<p>noir et blanc<\/p>\n<p>saison \u00e9t\u00e9<\/p>\n","protected":false},"featured_media":24633,"comment_status":"open","ping_status":"closed","template":"","meta":[],"product_brand":[161],"product_cat":[158,46,44,185,15],"product_tag":[165,73,171,167,259],"class_list":{"0":"post-24249","1":"product","2":"type-product","3":"status-publish","4":"has-post-thumbnail","6":"product_brand-s-keidgi","7":"product_cat-afrochic","8":"product_cat-femme","9":"product_cat-homme","10":"product_cat-printemps-ete","11":"product_cat-uncategorized","12":"product_tag-chemise","13":"product_tag-fashion","14":"product_tag-homme","15":"product_tag-robe","16":"product_tag-tee-shirt","18":"first","19":"instock","20":"featured","21":"purchasable","22":"product-type-variable"},"jetpack_sharing_enabled":true,"_links":{"self":[{"href":"https:\/\/www.skeidgi.com\/en\/wp-json\/wp\/v2\/product\/24249","targetHints":{"allow":["GET"]}}],"collection":[{"href":"https:\/\/www.skeidgi.com\/en\/wp-json\/wp\/v2\/product"}],"about":[{"href":"https:\/\/www.skeidgi.com\/en\/wp-json\/wp\/v2\/types\/product"}],"replies":[{"embeddable":true,"href":"https:\/\/www.skeidgi.com\/en\/wp-json\/wp\/v2\/comments?post=24249"}],"version-history":[{"count":2,"href":"https:\/\/www.skeidgi.com\/en\/wp-json\/wp\/v2\/product\/24249\/revisions"}],"predecessor-version":[{"id":24358,"href":"https:\/\/www.skeidgi.com\/en\/wp-json\/wp\/v2\/product\/24249\/revisions\/24358"}],"wp:featuredmedia":[{"embeddable":true,"href":"https:\/\/www.skeidgi.com\/en\/wp-json\/wp\/v2\/media\/24633"}],"wp:attachment":[{"href":"https:\/\/www.skeidgi.com\/en\/wp-json\/wp\/v2\/media?parent=24249"}],"wp:term":[{"taxonomy":"product_brand","embeddable":true,"href":"https:\/\/www.skeidgi.com\/en\/wp-json\/wp\/v2\/product_brand?post=24249"},{"taxonomy":"product_cat","embeddable":true,"href":"https:\/\/www.skeidgi.com\/en\/wp-json\/wp\/v2\/product_cat?post=24249"},{"taxonomy":"product_tag","embeddable":true,"href":"https:\/\/www.skeidgi.com\/en\/wp-json\/wp\/v2\/product_tag?post=24249"}],"curies":[{"name":"wp","href":"https:\/\/api.w.org\/{rel}","templated":true}]}}