{"id":24386,"date":"2025-07-16T10:27:13","date_gmt":"2025-07-16T10:27:13","guid":{"rendered":"https:\/\/www.skeidgi.com\/?post_type=product&#038;p=24386"},"modified":"2025-08-11T10:56:23","modified_gmt":"2025-08-11T10:56:23","slug":"ensemble-chemise-gilet","status":"publish","type":"product","link":"https:\/\/www.skeidgi.com\/en\/produit\/ensemble-chemise-gilet\/","title":{"rendered":"Ensemble chemise gilet"},"content":{"rendered":"<p>\u00c9l\u00e9gance et distinction r\u00e9unies dans cet ensemble une pi\u00e8ce gris clair et dor\u00e9. Chemise effet gilet int\u00e9gr\u00e9 avec col mao raffin\u00e9, associ\u00e9e \u00e0 un pantalon coupe droite. Les touches dor\u00e9es subliment le look pour une allure royale, moderne et affirm\u00e9e. Id\u00e9al pour les grandes occasions ou une entr\u00e9e remarqu\u00e9e.<\/p>\n<p>D\u00e9tail:<\/p>\n<p>coupe africaine longue<\/p>\n<p>avec un effet gilet<\/p>\n<p>Couleur dominant gris clair avec des touches de dor\u00e9s<\/p>\n<p>col Mao<\/p>\n<p>Fermeture \u00e9clair au niveaux du col<\/p>\n<p>ouverture sur les c\u00f4t\u00e9s en bas de la chemise pour plus de confort.<\/p>\n<p>peut \u00eatre fait sur mesure a la demande<\/p>\n<p>longueur chemises 95 cm<\/p>\n<p>pantalon avec un rappel a l&#8217;avant droit et arri\u00e8re gauche.<\/p>\n<p>coupe droite<\/p>\n<p>mod\u00e8le sur la photo mesure 1.80 m\u00e8tre et porte du S<\/p>\n","protected":false},"excerpt":{"rendered":"<p>Ensemble chemise gilet avec une coupe africaine<\/p>\n<p>couleur gris clair<\/p>\n","protected":false},"featured_media":24382,"comment_status":"open","ping_status":"closed","template":"","meta":[],"product_brand":[243],"product_cat":[207,202,205,198],"product_tag":[],"class_list":{"0":"post-24386","1":"product","2":"type-product","3":"status-publish","4":"has-post-thumbnail","6":"product_brand-s-keidgi-en","7":"product_cat-afrochic-en","8":"product_cat-man","9":"product_cat-spring-summer","10":"product_cat-non-classifiee","12":"first","13":"instock","14":"shipping-taxable","15":"purchasable","16":"product-type-variable"},"jetpack_sharing_enabled":true,"_links":{"self":[{"href":"https:\/\/www.skeidgi.com\/en\/wp-json\/wp\/v2\/product\/24386","targetHints":{"allow":["GET"]}}],"collection":[{"href":"https:\/\/www.skeidgi.com\/en\/wp-json\/wp\/v2\/product"}],"about":[{"href":"https:\/\/www.skeidgi.com\/en\/wp-json\/wp\/v2\/types\/product"}],"replies":[{"embeddable":true,"href":"https:\/\/www.skeidgi.com\/en\/wp-json\/wp\/v2\/comments?post=24386"}],"version-history":[{"count":1,"href":"https:\/\/www.skeidgi.com\/en\/wp-json\/wp\/v2\/product\/24386\/revisions"}],"predecessor-version":[{"id":24392,"href":"https:\/\/www.skeidgi.com\/en\/wp-json\/wp\/v2\/product\/24386\/revisions\/24392"}],"wp:featuredmedia":[{"embeddable":true,"href":"https:\/\/www.skeidgi.com\/en\/wp-json\/wp\/v2\/media\/24382"}],"wp:attachment":[{"href":"https:\/\/www.skeidgi.com\/en\/wp-json\/wp\/v2\/media?parent=24386"}],"wp:term":[{"taxonomy":"product_brand","embeddable":true,"href":"https:\/\/www.skeidgi.com\/en\/wp-json\/wp\/v2\/product_brand?post=24386"},{"taxonomy":"product_cat","embeddable":true,"href":"https:\/\/www.skeidgi.com\/en\/wp-json\/wp\/v2\/product_cat?post=24386"},{"taxonomy":"product_tag","embeddable":true,"href":"https:\/\/www.skeidgi.com\/en\/wp-json\/wp\/v2\/product_tag?post=24386"}],"curies":[{"name":"wp","href":"https:\/\/api.w.org\/{rel}","templated":true}]}}