{"id":24422,"date":"2025-07-16T13:20:52","date_gmt":"2025-07-16T13:20:52","guid":{"rendered":"https:\/\/www.skeidgi.com\/?post_type=product&#038;p=24422"},"modified":"2025-10-08T20:23:22","modified_gmt":"2025-10-08T20:23:22","slug":"veste-signature-en-lin-et-raphia-kuba-du-congo-edition-limitee","status":"publish","type":"product","link":"https:\/\/www.skeidgi.com\/en\/produit\/veste-signature-en-lin-et-raphia-kuba-du-congo-edition-limitee\/","title":{"rendered":"Veste signature en Lin et Raphia Kuba du Congo \u2013 \u00c9dition Limit\u00e9e"},"content":{"rendered":"<p>Affirmez votre style avec cette veste d\u2019exception, alliant modernit\u00e9 et h\u00e9ritage africain. Confectionn\u00e9e en lin blanc cass\u00e9 pur pour une coupe fluide et respirante, elle est sublim\u00e9e par un pan asym\u00e9trique en tissu raphia Kuba du Congo, tiss\u00e9 \u00e0 la main par des artisans, avec ses motifs g\u00e9om\u00e9triques puissants et symboliques.<\/p>\n<p>Fermeture originale par boucle lat\u00e9rale, \u00e9paule structur\u00e9e, finitions soign\u00e9es \u2013 chaque d\u00e9tail refl\u00e8te l\u2019\u00e9l\u00e9gance audacieuse de la maison S.Ke\u00efdgi.<\/p>\n<p>Fabriqu\u00e9e en s\u00e9rie tr\u00e8s limit\u00e9e \u2013 disponible en pr\u00e9commande.<\/p>\n<p>veste<\/p>\n<p>couleur dominante : blanc cass\u00e9<\/p>\n<p>tissu : Lin et raphia<\/p>\n<p>doublure : satin\u00e9 beige<\/p>\n<p>ceinture : boucle de 50 mm de large noir en m\u00e9tal<\/p>\n<p>mod\u00e8le: unisex<\/p>\n<p>mannequin sur la photo 185 cm porte une taille S<\/p>\n<p>lavage : \u00e0 sec en pressing<\/p>\n","protected":false},"excerpt":{"rendered":"<p>\ud83d\udd38 Mod\u00e8le unisexe \u2013 \u00e9dition limit\u00e9e<br \/>\n\ud83d\udd38 Pi\u00e8ce artistique et intemporelle<br \/>\n\ud83d\udd38 Id\u00e9ale pour vos \u00e9v\u00e9nements, c\u00e9r\u00e9monies ou looks de cr\u00e9ateur<\/p>\n","protected":false},"featured_media":24420,"comment_status":"open","ping_status":"closed","template":"","meta":[],"product_brand":[],"product_cat":[158,46,44,185,180,159,15],"product_tag":[267,73,168,171,188,187],"class_list":{"0":"post-24422","1":"product","2":"type-product","3":"status-publish","4":"has-post-thumbnail","6":"product_cat-afrochic","7":"product_cat-femme","8":"product_cat-homme","9":"product_cat-printemps-ete","10":"product_cat-raphia-kuba-du-congo","11":"product_cat-s-keidgi-lux","12":"product_cat-uncategorized","13":"product_tag-blazer","14":"product_tag-fashion","15":"product_tag-femme","16":"product_tag-homme","17":"product_tag-raphia-kuba","18":"product_tag-veste","20":"first","21":"instock","22":"shipping-taxable","23":"purchasable","24":"product-type-variable"},"jetpack_sharing_enabled":true,"_links":{"self":[{"href":"https:\/\/www.skeidgi.com\/en\/wp-json\/wp\/v2\/product\/24422","targetHints":{"allow":["GET"]}}],"collection":[{"href":"https:\/\/www.skeidgi.com\/en\/wp-json\/wp\/v2\/product"}],"about":[{"href":"https:\/\/www.skeidgi.com\/en\/wp-json\/wp\/v2\/types\/product"}],"replies":[{"embeddable":true,"href":"https:\/\/www.skeidgi.com\/en\/wp-json\/wp\/v2\/comments?post=24422"}],"version-history":[{"count":2,"href":"https:\/\/www.skeidgi.com\/en\/wp-json\/wp\/v2\/product\/24422\/revisions"}],"predecessor-version":[{"id":24429,"href":"https:\/\/www.skeidgi.com\/en\/wp-json\/wp\/v2\/product\/24422\/revisions\/24429"}],"wp:featuredmedia":[{"embeddable":true,"href":"https:\/\/www.skeidgi.com\/en\/wp-json\/wp\/v2\/media\/24420"}],"wp:attachment":[{"href":"https:\/\/www.skeidgi.com\/en\/wp-json\/wp\/v2\/media?parent=24422"}],"wp:term":[{"taxonomy":"product_brand","embeddable":true,"href":"https:\/\/www.skeidgi.com\/en\/wp-json\/wp\/v2\/product_brand?post=24422"},{"taxonomy":"product_cat","embeddable":true,"href":"https:\/\/www.skeidgi.com\/en\/wp-json\/wp\/v2\/product_cat?post=24422"},{"taxonomy":"product_tag","embeddable":true,"href":"https:\/\/www.skeidgi.com\/en\/wp-json\/wp\/v2\/product_tag?post=24422"}],"curies":[{"name":"wp","href":"https:\/\/api.w.org\/{rel}","templated":true}]}}