{"id":24651,"date":"2026-03-22T10:54:07","date_gmt":"2026-03-22T10:54:07","guid":{"rendered":"https:\/\/www.skeidgi.com\/?post_type=product&#038;p=24651"},"modified":"2026-03-22T11:11:55","modified_gmt":"2026-03-22T11:11:55","slug":"hoodie-oversize-raw-statement","status":"publish","type":"product","link":"https:\/\/www.skeidgi.com\/en\/produit\/hoodie-oversize-raw-statement\/","title":{"rendered":"HOODIE OVERSIZE \u2013 RAW STATEMENT"},"content":{"rendered":"<p>Plus qu\u2019un hoodie, une attitude.<\/p>\n<p>Coupe oversize, vibe robe, silhouette qui impose.<\/p>\n<p>Capuche massive en raphia pour casser les codes.<\/p>\n<p>Cordes \u00e9paisses orange : d\u00e9tail brut, \u00e9nergie pure.<\/p>\n<p>Dos ouvert : inattendu, audacieux, impossible \u00e0 ignorer.<\/p>\n<p>D\u00e9tails :<\/p>\n<p>Oversize fit<\/p>\n<p>Effet robe<\/p>\n<p>Capuche en raphia<\/p>\n<p>Cordes \u00e9paisses contrast\u00e9es<\/p>\n<p>Dos nu possible en ouvrant la fermeture<\/p>\n<p>instructions de lavage :<\/p>\n<p>Lavage \u00e0 sec en pressing.<\/p>\n<p>Repassage de l&#8217;int\u00e9rieur.<\/p>\n<p>\u26a0\ufe0f les motifs du raphia peuvent parfois \u00eatre different.<\/p>\n<p>Longueur du sweat 87 centim\u00e8tres<\/p>\n<p>La mod\u00e8le en photo porte une taille S et mesure 1.68 m\u00e8tre<\/p>\n","protected":false},"excerpt":{"rendered":"<p>Une cr\u00e9ation pens\u00e9e comme une \u0153uvre textile : entre h\u00e9ritage artisanal et modernit\u00e9 urbaine, ce sweat incarne une allure libre, audacieuse et profond\u00e9ment \u00e9l\u00e9gante.<\/p>\n","protected":false},"featured_media":24647,"comment_status":"open","ping_status":"closed","template":"","meta":[],"product_brand":[],"product_cat":[158,46,185,180,159,156,15],"product_tag":[73,168,188,265,263,232],"class_list":{"0":"post-24651","1":"product","2":"type-product","3":"status-publish","4":"has-post-thumbnail","6":"product_cat-afrochic","7":"product_cat-femme","8":"product_cat-printemps-ete","9":"product_cat-raphia-kuba-du-congo","10":"product_cat-s-keidgi-lux","11":"product_cat-sportswear","12":"product_cat-uncategorized","13":"product_tag-fashion","14":"product_tag-femme","15":"product_tag-raphia-kuba","16":"product_tag-street-wear","17":"product_tag-tissu-africain","18":"product_tag-women","20":"first","21":"instock","22":"shipping-taxable","23":"purchasable","24":"product-type-variable"},"jetpack_sharing_enabled":true,"_links":{"self":[{"href":"https:\/\/www.skeidgi.com\/en\/wp-json\/wp\/v2\/product\/24651","targetHints":{"allow":["GET"]}}],"collection":[{"href":"https:\/\/www.skeidgi.com\/en\/wp-json\/wp\/v2\/product"}],"about":[{"href":"https:\/\/www.skeidgi.com\/en\/wp-json\/wp\/v2\/types\/product"}],"replies":[{"embeddable":true,"href":"https:\/\/www.skeidgi.com\/en\/wp-json\/wp\/v2\/comments?post=24651"}],"version-history":[{"count":2,"href":"https:\/\/www.skeidgi.com\/en\/wp-json\/wp\/v2\/product\/24651\/revisions"}],"predecessor-version":[{"id":24659,"href":"https:\/\/www.skeidgi.com\/en\/wp-json\/wp\/v2\/product\/24651\/revisions\/24659"}],"wp:featuredmedia":[{"embeddable":true,"href":"https:\/\/www.skeidgi.com\/en\/wp-json\/wp\/v2\/media\/24647"}],"wp:attachment":[{"href":"https:\/\/www.skeidgi.com\/en\/wp-json\/wp\/v2\/media?parent=24651"}],"wp:term":[{"taxonomy":"product_brand","embeddable":true,"href":"https:\/\/www.skeidgi.com\/en\/wp-json\/wp\/v2\/product_brand?post=24651"},{"taxonomy":"product_cat","embeddable":true,"href":"https:\/\/www.skeidgi.com\/en\/wp-json\/wp\/v2\/product_cat?post=24651"},{"taxonomy":"product_tag","embeddable":true,"href":"https:\/\/www.skeidgi.com\/en\/wp-json\/wp\/v2\/product_tag?post=24651"}],"curies":[{"name":"wp","href":"https:\/\/api.w.org\/{rel}","templated":true}]}}